{"id":13246,"date":"2021-05-11T17:50:07","date_gmt":"2021-05-11T16:50:07","guid":{"rendered":"https:\/\/www.francegrossiste.com\/blog\/?post_type=product&#038;p=13246"},"modified":"2021-05-11T17:52:45","modified_gmt":"2021-05-11T16:52:45","slug":"zen-acces-3-ans","status":"publish","type":"product","link":"https:\/\/www.francegrossiste.com\/blog\/produit\/zen-acces-3-ans\/","title":{"rendered":"Zen Acc\u00e8s 3 ans"},"content":{"rendered":"<p>Plus de 4 millions de produits <a class=\"Style2 Style6\" href=\"https:\/\/www.francegrossiste.com\/infos-plateforme.php\" target=\"_blank\" rel=\"noopener\">info+<\/a><br \/>\n<i class=\"fa fa-check\"><\/i>Acc\u00e8s pour 3 Ans<br \/>\n<i class=\"fa fa-check\"><\/i>Mise \u00e0 jour hebdomadaire<br \/>\n<i class=\"fa fa-check\"><\/i>R\u00e9pertoire class\u00e9 par Cat\u00e9gories<\/p>\n<p><img loading=\"lazy\" decoding=\"async\" src=\"https:\/\/www.francegrossiste.com\/cadeaux_francegrossiste.png\" alt=\"cadeaux_francegrossiste\" width=\"51\" height=\"40\" \/>Cadeaux offerts <a class=\"Style2 Style6\" href=\"https:\/\/www.francegrossiste.com\/cadeaux.php\" target=\"_blank\" rel=\"noopener\">info+<\/a><br \/>\n<i class=\"fa fa-check\"><\/i>Catalogue Dropshipping <a class=\"Style2 Style6\" href=\"https:\/\/www.francegrossiste.com\/dropshipping2.htm\" target=\"_blank\" rel=\"noopener\">info+<\/a><\/p>\n","protected":false},"excerpt":{"rendered":"<p>Pass Zen Acc\u00e8s 3 ans<\/p>\n","protected":false},"featured_media":13244,"comment_status":"open","ping_status":"closed","template":"","meta":{"neve_meta_sidebar":"","neve_meta_container":"","neve_meta_enable_content_width":"","neve_meta_content_width":0,"neve_meta_title_alignment":"","neve_meta_author_avatar":"","neve_post_elements_order":"","neve_meta_disable_header":"","neve_meta_disable_footer":"","neve_meta_disable_title":"","jetpack_publicize_message":"","jetpack_publicize_feature_enabled":true,"jetpack_social_post_already_shared":true,"jetpack_social_options":{"image_generator_settings":{"template":"highway","default_image_id":0,"font":"","enabled":false},"version":2}},"product_cat":[1463],"product_tag":[],"class_list":["post-13246","product","type-product","status-publish","has-post-thumbnail","hentry","product_cat-plateforme-grossistes"],"jetpack_publicize_connections":[],"jetpack_sharing_enabled":true,"jetpack_likes_enabled":true,"jetpack-related-posts":[],"_links":{"self":[{"href":"https:\/\/www.francegrossiste.com\/blog\/wp-json\/wp\/v2\/product\/13246","targetHints":{"allow":["GET"]}}],"collection":[{"href":"https:\/\/www.francegrossiste.com\/blog\/wp-json\/wp\/v2\/product"}],"about":[{"href":"https:\/\/www.francegrossiste.com\/blog\/wp-json\/wp\/v2\/types\/product"}],"replies":[{"embeddable":true,"href":"https:\/\/www.francegrossiste.com\/blog\/wp-json\/wp\/v2\/comments?post=13246"}],"wp:featuredmedia":[{"embeddable":true,"href":"https:\/\/www.francegrossiste.com\/blog\/wp-json\/wp\/v2\/media\/13244"}],"wp:attachment":[{"href":"https:\/\/www.francegrossiste.com\/blog\/wp-json\/wp\/v2\/media?parent=13246"}],"wp:term":[{"taxonomy":"product_cat","embeddable":true,"href":"https:\/\/www.francegrossiste.com\/blog\/wp-json\/wp\/v2\/product_cat?post=13246"},{"taxonomy":"product_tag","embeddable":true,"href":"https:\/\/www.francegrossiste.com\/blog\/wp-json\/wp\/v2\/product_tag?post=13246"}],"curies":[{"name":"wp","href":"https:\/\/api.w.org\/{rel}","templated":true}]}}