{"id":777,"date":"2014-10-22T16:07:30","date_gmt":"2014-10-22T15:07:30","guid":{"rendered":"http:\/\/www.francegrossiste.com\/blog\/?page_id=777"},"modified":"2014-10-22T16:07:30","modified_gmt":"2014-10-22T15:07:30","slug":"grossistes-avis-dropship","status":"publish","type":"page","link":"https:\/\/www.francegrossiste.com\/blog\/grossistes-en-ligne\/grossistes-avis-dropship\/","title":{"rendered":"Grossistes avis Dropship"},"content":{"rendered":"<p>Grossistes avis Dropshipping<\/p>\n<h2>Types de Drop Shipping<\/h2>\n<dl>\n<dt>Revendeur universel et Cybermarch\u00e9<\/dt>\n<\/dl>\n<p>Le <em>drop shipping<\/em> int\u00e9ressera les revendeurs souhaitant augmenter la gamme de leurs produits sans arbitrer tous les impacts de leur r\u00e9f\u00e9rencement (frais d\u2019\u00e9dition, de distribution, financiers, de fret, etc.)<\/p>\n<dl>\n<dt>Small business<\/dt>\n<\/dl>\n<p>Le <em>drop shipping<\/em> int\u00e9ressera les petits revendeurs souhaitant augmenter la gamme de leurs produits sans avoir \u00e0 g\u00e9rer les exp\u00e9ditions.<\/p>\n<dl>\n<dt>Sapin de no\u00ebl<\/dt>\n<\/dl>\n<p>Le <em>drop shipping<\/em> int\u00e9ressera les revendeurs souhaitant proposer temporairement pour une op\u00e9ration ou un \u00e9v\u00e9nement un produit dont il ne souhaite pas g\u00e9rer le suivi.<\/p>\n<dl>\n<dt>Site d\u2019ench\u00e8res<\/dt>\n<\/dl>\n<p>Un revendeur eBay propose un produit ne lui appartenant pas tout en animant les ench\u00e8res et en respectant la politique d&rsquo;eBay de vente et de protection du consommateur\u00a0: Le produit est envoy\u00e9 directement par le grossiste au gagnant de l\u2019ench\u00e8re. Le vendeur gagne la diff\u00e9rence entre le prix de l\u2019ench\u00e8re et le prix d achat grossiste diminu\u00e9 des frais de mise en ligne de l\u2019annonce.<\/p>\n<dl>\n<dt>Personnalisation<\/dt>\n<\/dl>\n<p>Une nouvelle tendance dans le <em>drop shipping<\/em> est le <em>private label shipping<\/em>. Le grossiste est alors aussi fabricant et personnalise chaque production selon son <em>drop shipper<\/em>. C\u2019est d\u00e9j\u00e0 le cas de porte cl\u00e9s, de t-shirts ou de produits de r\u00e9gime portant le logo et le <em>packaging<\/em> du revendeur et envoy\u00e9s au client final directement par le fabricant<\/p>\n<p align=\"center\"><a href=\"http:\/\/www.francegrossiste.com\/temoignages.htm\"><img loading=\"lazy\" decoding=\"async\" src=\"http:\/\/www.grossistes.biz\/francegrossiste%20avis%20favorable.jpg\" alt=\"francegrossiste avis favorable\" width=\"250\" height=\"187\" border=\"0\" \/><\/a><\/p>\n<p align=\"center\">\n<p align=\"center\"><a href=\"http:\/\/www.francegrossiste.com\/grossiste\"><img loading=\"lazy\" decoding=\"async\" src=\"http:\/\/www.grossistes.biz\/francegrossiste%20site%20exeptionnel.jpg\" alt=\"francegrossiste site exeptionnel\" width=\"272\" height=\"185\" border=\"0\" \/><\/a><\/p>\n<p align=\"center\"><a href=\"http:\/\/www.francegrossiste.com\/informations.php\" target=\"_blank\"><img loading=\"lazy\" decoding=\"async\" src=\"http:\/\/www.grossistes.biz\/grossistes%20annonce.png\" alt=\"grossistes annonce\" width=\"460\" height=\"125\" \/><\/a><\/p>\n<h2>Int\u00e9r\u00eat et risques<\/h2>\n<p>Le drop shipping poss\u00e8de divers avantages et inconv\u00e9nients, que ce soit du point de vue des fabricants et fournisseurs, que de celui des e-commer\u00e7ants r\u00e9f\u00e9ren\u00e7ant leurs offres.<\/p>\n<h3>Avantages et inconv\u00e9nients pour les fabricants et fournisseurs<\/h3>\n<p>Avantages:<\/p>\n<ul>\n<li>Hausse de la notori\u00e9t\u00e9 car d\u00e9veloppement du r\u00e9seau de distribution,<\/li>\n<li>Possibilit\u00e9 de veille data marketing car gestion des envois aux clients finaux,<\/li>\n<li>Hausse du pouvoir de n\u00e9gociation,<\/li>\n<li>Acc\u00e8s rapide au r\u00e9f\u00e9rencement et donc \u00e0 la commercialisation,<\/li>\n<li>Commercialement peu co\u00fbteux.<\/li>\n<\/ul>\n<p>Inconv\u00e9nients\u00a0:<\/p>\n<ul>\n<li>Non ma\u00eetrise de l\u2019image de marque et risque de d\u00e9t\u00e9rioration par les e-commer\u00e7ants,<\/li>\n<li>Conflits potentiels avec les distributeurs des autres canaux de distribution utilis\u00e9s,<\/li>\n<li>Possibles probl\u00e8mes de flux d\u2019informations entre les e-commer\u00e7ants et le fournisseur, notamment au sujet des stocks disponibles\u00a0: back ordering (lorsque le vendeur propose \u00e0 la vente un produit que le grossiste ne vend plus),<\/li>\n<li>Gestion de l\u2019emballage et de l\u2019envoi des commandes,<\/li>\n<li>Le drop shipping ne peut s\u2019auto-suffire en se substituant aux r\u00e9seaux classiques de distribution.<\/li>\n<\/ul>\n<h3>Avantages et inconv\u00e9nients pour les commer\u00e7ants<\/h3>\n<p>Avantages:<\/p>\n<ul>\n<li>Emballage et exp\u00e9dition g\u00e9r\u00e9s par le fournisseur,<\/li>\n<li>Pas de gestion de stock, ni de S.A.V,<\/li>\n<li>Investissement financier minimal (pas de stock),<\/li>\n<li>Une tr\u00e9sorerie toujours positive\u00a0: le vendeur paie g\u00e9n\u00e9ralement le grossiste sur relev\u00e9 alors que le client a pay\u00e9 par carte de cr\u00e9dit d\u00e8s l\u2019achat,<\/li>\n<li>Acc\u00e8s aux informations des produits (photos, fiches techniques),<\/li>\n<li>Prix de vente fix\u00e9s librement,<\/li>\n<li>\u00c9largissement de l\u2019offre plus ais\u00e9,<\/li>\n<li>Diminution de l\u2019impact de l\u2019obsolescence des produits car pas de stockage.<\/li>\n<\/ul>\n<p>Inconv\u00e9nients:<\/p>\n<ul>\n<li>Multi commande d\u2019un client aupr\u00e8s de plusieurs fournisseurs\u00a0: paiement de plusieurs frais d\u2019exp\u00e9dition par le commer\u00e7ant aupr\u00e8s des fournisseurs quand le client va payer un frais d\u2019envoi\u00a0; le client peut aussi ne pas recevoir ses commandes au m\u00eame moment (risque de non-satisfaction),<\/li>\n<li>Risque de concurrence accrue entre e-commer\u00e7ants si les fournisseurs ont recours \u00e0 de multiples drop shippers,<\/li>\n<li>L&rsquo;acc\u00e8s aux donn\u00e9es des fournisseurs peut \u00eatre limit\u00e9. Les fournisseurs qui exp\u00e9dient les commandes ont acc\u00e8s aux donn\u00e9es des clients des commer\u00e7ants et peuvent donc les utiliser (exemple\u00a0: d\u00e9marchage)<\/li>\n<\/ul>\n<h2>D\u00e9roulement d&rsquo;une vente<\/h2>\n<p>Un produit est choisi chez un fournisseur et mis dans la boutique par le vendeur.<\/p>\n<p>Un client vient sur la boutique et ach\u00e8te un article. Il paye directement \u00e0 la boutique.<\/p>\n<p>Le vendeur se connecte \u00e0 l&rsquo;interface web du fournisseur et lui transmet la commande de son client (quels produits, quelles quantit\u00e9s, l&rsquo;adresse de livraison, etc). Le vendeur paye le fournisseur qui va livrer directement le client sans se d\u00e9voiler. Le client n&rsquo;a aucun moyen de savoir que le produit n&rsquo;est pas pass\u00e9 par le vendeur.<\/p>\n<p>Cette m\u00e9thode peut permettre de monter une boutique sans constituer de stocks.<\/p>\n<p align=\"center\"><a href=\"http:\/\/www.francegrossiste.com\/informations.php\" target=\"_blank\"><img loading=\"lazy\" decoding=\"async\" src=\"http:\/\/www.grossistes.biz\/grossistes%20annonce.png\" alt=\"grossistes annonce\" width=\"460\" height=\"125\" \/><\/a><\/p>\n<h2>Le drop shipping aux \u00c9tats-Unis<\/h2>\n<p>Le drop shipping est tr\u00e8s d\u00e9velopp\u00e9 aux Etats-Unis. Ainsi 33% des web-marchands am\u00e9ricains utilisaient ce r\u00e9seau de distribution en 2002 53.3% des e-commer\u00e7ants bas\u00e9s aux USA ont eu recours en 2013 au drop shipping. La moyenne de leurs exp\u00e9ditions via drop shipping \u00e9tait de 17.66% de leur produit. 5% de ces e-commer\u00e7ants r\u00e9alisent jusqu\u2019\u00e0 90% de leurs exp\u00e9ditions.<\/p>\n<p>&nbsp;<\/p>\n","protected":false},"excerpt":{"rendered":"<p>Grossistes avis Dropshipping Types de Drop Shipping Revendeur universel et Cybermarch\u00e9 Le drop shipping int\u00e9ressera les revendeurs souhaitant augmenter la gamme de leurs produits sans arbitrer tous les impacts de leur r\u00e9f\u00e9rencement (frais d\u2019\u00e9dition, de distribution, financiers, de fret, etc.) Small business Le drop shipping int\u00e9ressera les petits revendeurs souhaitant augmenter la gamme de leurs&hellip;&nbsp;<a href=\"https:\/\/www.francegrossiste.com\/blog\/grossistes-en-ligne\/grossistes-avis-dropship\/\" class=\"\" rel=\"bookmark\">Lire la suite &raquo;<span class=\"screen-reader-text\">Grossistes avis Dropship<\/span><\/a><\/p>\n","protected":false},"author":1,"featured_media":0,"parent":152,"menu_order":0,"comment_status":"open","ping_status":"open","template":"","meta":{"neve_meta_sidebar":"","neve_meta_container":"","neve_meta_enable_content_width":"","neve_meta_content_width":0,"neve_meta_title_alignment":"","neve_meta_author_avatar":"","neve_post_elements_order":"","neve_meta_disable_header":"","neve_meta_disable_footer":"","neve_meta_disable_title":"","footnotes":""},"class_list":["post-777","page","type-page","status-publish","hentry"],"jetpack_sharing_enabled":true,"jetpack_likes_enabled":true,"jetpack-related-posts":[],"_links":{"self":[{"href":"https:\/\/www.francegrossiste.com\/blog\/wp-json\/wp\/v2\/pages\/777","targetHints":{"allow":["GET"]}}],"collection":[{"href":"https:\/\/www.francegrossiste.com\/blog\/wp-json\/wp\/v2\/pages"}],"about":[{"href":"https:\/\/www.francegrossiste.com\/blog\/wp-json\/wp\/v2\/types\/page"}],"author":[{"embeddable":true,"href":"https:\/\/www.francegrossiste.com\/blog\/wp-json\/wp\/v2\/users\/1"}],"replies":[{"embeddable":true,"href":"https:\/\/www.francegrossiste.com\/blog\/wp-json\/wp\/v2\/comments?post=777"}],"version-history":[{"count":0,"href":"https:\/\/www.francegrossiste.com\/blog\/wp-json\/wp\/v2\/pages\/777\/revisions"}],"up":[{"embeddable":true,"href":"https:\/\/www.francegrossiste.com\/blog\/wp-json\/wp\/v2\/pages\/152"}],"wp:attachment":[{"href":"https:\/\/www.francegrossiste.com\/blog\/wp-json\/wp\/v2\/media?parent=777"}],"curies":[{"name":"wp","href":"https:\/\/api.w.org\/{rel}","templated":true}]}}