{"id":130,"date":"2012-06-27T10:01:44","date_gmt":"2012-06-27T09:01:44","guid":{"rendered":"http:\/\/www.francegrossiste.com\/blog\/?page_id=130"},"modified":"2012-06-27T10:01:44","modified_gmt":"2012-06-27T09:01:44","slug":"sony-ensemble-home-cinema-3d-bdv-e380","status":"publish","type":"page","link":"https:\/\/www.francegrossiste.com\/blog\/page-d-exemple\/sony-ensemble-home-cinema-3d-bdv-e380\/","title":{"rendered":"SONY ENSEMBLE HOME CINEMA 3D BDV-E380"},"content":{"rendered":"<div id=\"primary_block\">\n<h2>Grossistes SONY ENSEMBLE HOME CINEMA 3D BDV-E380<\/h2>\n<div id=\"pb-right-column\">\n<div id=\"image-block\"><img decoding=\"async\" id=\"bigpic\" title=\"SONY ENSEMBLE HOME CINEMA 3D BDV-E380\" src=\"http:\/\/www.revez-discount.com\/img\/p\/60-183-large.jpg\" alt=\"\" \/><\/div>\n<\/div>\n<\/div>\n<table id=\"item_specification\" cellspacing=\"0\" cellpadding=\"0\">\n<tbody>\n<tr>\n<th>comentaires<\/th>\n<td>Commentaires<\/td>\n<td>Avec l&rsquo;ensemble Home Cinema <strong>BDV-E380 <\/strong>de Sony, plongez dans l&rsquo;univers de la Haute D\u00e9finition !<\/p>\n<p>Dot\u00e9 d&rsquo;un lecteur Blu-ray, cet \u00e9l\u00e9gant Home Cinema 5.1 fait revivre vos DVD de qualit\u00e9 standard en qualit\u00e9 proche du Full HD 1080p. D\u00e9couvrez aussi vos Blu-ray 3D dans une qualit\u00e9 d&rsquo;image exceptionnelle, en toute tranquillit\u00e9 chez vous.<\/p>\n<p>Polyvalent et complet, ce <strong>BDV E380 <\/strong>se connecte \u00e0 Internet pour b\u00e9n\u00e9ficier de Qriocity et Bravia Internet Video proposant le meilleur de la VoD en qualit\u00e9 standard ou HD. Equip\u00e9 d&rsquo;un dock iPod\/iPhone, il utilise \u00e9galement votre smartphone comme t\u00e9l\u00e9commande via l&rsquo;application gratuite Media Remote.<\/p>\n<p>Disposant d&rsquo;un amplificateur num\u00e9rique S-Master et d&rsquo;une puissance de 1000 W, le Home Cinema <strong>BDVE380 <\/strong>offre un son limpide afin de profiter au maximum de vos films pr\u00e9f\u00e9r\u00e9s.<\/p>\n<p>En prime, gr\u00e2ce au port USB et au syst\u00e8me DLNA, appr\u00e9ciez sur grand \u00e9cran tous vos fichiers stock\u00e9s sur vos supports externes et votre PC. Des heures de divertissement HD en perspective avec le <strong>BDV-E380 <\/strong>de Sony !<\/td>\n<\/tr>\n<tr>\n<th rowspan=\"19\">Contenu<\/th>\n<td>Type<\/td>\n<td>Home Cinema 5.1 Blu-Ray<\/td>\n<\/tr>\n<tr>\n<td>Ampli<\/td>\n<td>5 x 167 W + 165W<\/td>\n<\/tr>\n<tr>\n<td>D\u00e9codeur<\/td>\n<td>LPCM (2ch\/5.1ch\/7.1ch), Dolby Digital, DTS, DTS ES Matrix 6.1, DTS ES Discrete 6.1, DTS96\/24, Dolby Digital plus, Dolby True HD, DTS HD Master Audio &amp; High Resolution, DTS HD LBR<\/td>\n<\/tr>\n<tr>\n<td>Lecteur CD<\/td>\n<td>CD<\/td>\n<\/tr>\n<tr>\n<td>Lecteur DVD<\/td>\n<td>Blu-Ray 3D\/DVD<\/td>\n<\/tr>\n<tr>\n<td>Lecture CD-R\/RW<\/td>\n<td>CD-R\/RW<\/td>\n<\/tr>\n<tr>\n<td>Lecture MP3<\/td>\n<td>MP3<\/td>\n<\/tr>\n<tr>\n<td>Autres m\u00e9dia lus<\/td>\n<td>AVCHD, 3D, Divx HD, MP3, WMA, WMV, MPEG1\/2, MPEG4, MPEG4 AAC, VOB, VRO, JPEG, GIF, PNG,<\/td>\n<\/tr>\n<tr>\n<td>T\u00e9l\u00e9commande<\/td>\n<td>Oui<\/td>\n<\/tr>\n<tr>\n<td>Nombre de HP livr\u00e9s<\/td>\n<td>4 enceintes + 1 centrale<\/td>\n<\/tr>\n<tr>\n<td>Caisson de basse<\/td>\n<td>Oui<\/td>\n<\/tr>\n<tr>\n<td>Puissance<\/td>\n<td>1000 W<\/td>\n<\/tr>\n<tr>\n<td>Fonctions A\/V<\/td>\n<td>Tuner FM avec RDS<\/td>\n<\/tr>\n<tr>\n<td>Entr\u00e9es<\/td>\n<td>1 x audio analogique, 1 x audio num\u00e9rique optique, 1 x audio num\u00e9rique coaxiale, 2 x USB, Ethernet<\/td>\n<\/tr>\n<tr>\n<td>Sorties<\/td>\n<td>1 x HDMI, 1 x Composite<\/td>\n<\/tr>\n<tr>\n<td>Accessoires inclus<\/td>\n<td>T\u00e9l\u00e9commande, 1 c\u00e2ble d&rsquo;alimentation, microphone d\u2019autocalibration<\/td>\n<\/tr>\n<tr>\n<td>Dimensions (mm)<\/td>\n<td>Lecteur Blu-ray : H 7,5 x L 43 x P 32 cm<br \/>\nEnceintes : H 24,5 x L 9,6 x P 9,6 cm<br \/>\nEnceinte centrale : H 5,9 x L 31,5 x P 5,3 cm<br \/>\nSubwoofer : H 33 x L 38 x P 19,1 cm<\/td>\n<\/tr>\n<tr>\n<td>Poids (g)<\/td>\n<td>Lecteur Blu-ray : 4,1 kg<br \/>\nEnceintes : 600 g<br \/>\nEnceinte centrale : 400 g<br \/>\nSubwoofer : 6,3 kg<\/td>\n<\/tr>\n<tr>\n<td>Autre<\/td>\n<td>3D int\u00e9gr\u00e9e<br \/>\nDLNA<br \/>\nBD-Live<br \/>\nDVD upscaler jusqu\u2019\u00e0 1080p en HDMI<br \/>\nIP Content Noise Reduction<br \/>\nSon 3D Surround<br \/>\nEnceintes omnidirectionelles<br \/>\nx.v. Color<br \/>\nDeep Color (12 bits)<br \/>\nBravia Sync<br \/>\nMise en veille automatique<br \/>\nTouche sensitives<br \/>\nIndicateurs LED<br \/>\nBonus View<br \/>\nMedia Remote<br \/>\nNavigateur Internet<br \/>\nUpscaler Precision cinema HD<\/p>\n<p>&nbsp;<\/p>\n<p>&nbsp;<\/p>\n<h2 align=\"center\"><img loading=\"lazy\" decoding=\"async\" src=\"http:\/\/www.francegrossiste.com\/clients%20satisfait2.jpg\" alt=\"clients satisfait2.jpg\" width=\"257\" height=\"151\" \/><\/h2>\n<h2 align=\"center\">&#8211; 60% &#8211; 70% et jusqu\u2019 \u00e0 &#8211; 90%<\/h2>\n<h2 align=\"center\">4,7 <em>millions de produits<\/em><\/h2>\n<p align=\"center\"><a href=\"http:\/\/www.francegrossiste.com\/acheter.php\"><img loading=\"lazy\" decoding=\"async\" src=\"http:\/\/www.francegrossiste.com\/sinscrire%20francegrossiste2.gif\" alt=\"sinscrire francegrossiste2.gif\" width=\"191\" height=\"58\" \/><\/a><\/p>\n<\/td>\n<\/tr>\n<\/tbody>\n<\/table>\n","protected":false},"excerpt":{"rendered":"<p>Grossistes SONY ENSEMBLE HOME CINEMA 3D BDV-E380 comentaires Commentaires Avec l&rsquo;ensemble Home Cinema BDV-E380 de Sony, plongez dans l&rsquo;univers de la Haute D\u00e9finition ! Dot\u00e9 d&rsquo;un lecteur Blu-ray, cet \u00e9l\u00e9gant Home Cinema 5.1 fait revivre vos DVD de qualit\u00e9 standard en qualit\u00e9 proche du Full HD 1080p. D\u00e9couvrez aussi vos Blu-ray 3D dans une qualit\u00e9&hellip;&nbsp;<a href=\"https:\/\/www.francegrossiste.com\/blog\/page-d-exemple\/sony-ensemble-home-cinema-3d-bdv-e380\/\" class=\"\" rel=\"bookmark\">Lire la suite &raquo;<span class=\"screen-reader-text\">SONY ENSEMBLE HOME CINEMA 3D BDV-E380<\/span><\/a><\/p>\n","protected":false},"author":1,"featured_media":0,"parent":2,"menu_order":0,"comment_status":"open","ping_status":"open","template":"","meta":{"neve_meta_sidebar":"","neve_meta_container":"","neve_meta_enable_content_width":"","neve_meta_content_width":0,"neve_meta_title_alignment":"","neve_meta_author_avatar":"","neve_post_elements_order":"","neve_meta_disable_header":"","neve_meta_disable_footer":"","neve_meta_disable_title":"","footnotes":""},"class_list":["post-130","page","type-page","status-publish","hentry"],"jetpack_sharing_enabled":true,"jetpack_likes_enabled":true,"jetpack-related-posts":[],"_links":{"self":[{"href":"https:\/\/www.francegrossiste.com\/blog\/wp-json\/wp\/v2\/pages\/130","targetHints":{"allow":["GET"]}}],"collection":[{"href":"https:\/\/www.francegrossiste.com\/blog\/wp-json\/wp\/v2\/pages"}],"about":[{"href":"https:\/\/www.francegrossiste.com\/blog\/wp-json\/wp\/v2\/types\/page"}],"author":[{"embeddable":true,"href":"https:\/\/www.francegrossiste.com\/blog\/wp-json\/wp\/v2\/users\/1"}],"replies":[{"embeddable":true,"href":"https:\/\/www.francegrossiste.com\/blog\/wp-json\/wp\/v2\/comments?post=130"}],"version-history":[{"count":0,"href":"https:\/\/www.francegrossiste.com\/blog\/wp-json\/wp\/v2\/pages\/130\/revisions"}],"up":[{"embeddable":true,"href":"https:\/\/www.francegrossiste.com\/blog\/wp-json\/wp\/v2\/pages\/2"}],"wp:attachment":[{"href":"https:\/\/www.francegrossiste.com\/blog\/wp-json\/wp\/v2\/media?parent=130"}],"curies":[{"name":"wp","href":"https:\/\/api.w.org\/{rel}","templated":true}]}}